{"id":74,"date":"2020-10-17T19:32:09","date_gmt":"2020-10-17T19:32:09","guid":{"rendered":"https:\/\/notariamartinges.com\/?page_id=74"},"modified":"2020-10-20T17:36:57","modified_gmt":"2020-10-20T17:36:57","slug":"nihil-prius-fide","status":"publish","type":"page","link":"https:\/\/notariamartinges.com\/?page_id=74","title":{"rendered":"NIHIL PRIUS FIDE"},"content":{"rendered":"\n<figure class=\"wp-block-image size-large\"><img loading=\"lazy\" width=\"400\" height=\"241\" src=\"https:\/\/notariamartinges.com\/wp-content\/uploads\/2020\/10\/DEFINITIU-3.jpg\" alt=\"\" class=\"wp-image-25\" srcset=\"https:\/\/notariamartinges.com\/wp-content\/uploads\/2020\/10\/DEFINITIU-3.jpg 400w, https:\/\/notariamartinges.com\/wp-content\/uploads\/2020\/10\/DEFINITIU-3-300x181.jpg 300w\" sizes=\"(max-width: 400px) 100vw, 400px\" \/><\/figure>\n\n\n\n<p>Expressi\u00f3 llatina que significa <em>res abans de la fe <\/em>(de la fe p\u00fablica). T\u00e9 el seu origen en un frase del poeta Properci i \u00e9s el lema dels Notaris.<\/p>\n\n\n\n<p>Aquesta expressi\u00f3 \u00e9s present en els segells que els Notaris estampen en les seves escriptures i suposa que all\u00f2 coincideix amb la realitat, que all\u00f2 como tal ha estat dit per unes persones concretes. Per aquest motiu el Tribunal Supremo d\u00f3na a la fe notarial el car\u00e0cter de prova rotunda ja que el document p\u00fablic d\u00f3na fe del fet i de la data<\/p>\n","protected":false},"excerpt":{"rendered":"<p>Expressi\u00f3 llatina que significa res abans de la fe (de la fe p\u00fablica). T\u00e9 el seu origen en un frase del poeta Properci i \u00e9s el lema dels Notaris. Aquesta expressi\u00f3 \u00e9s present en els segells que els Notaris estampen en les seves escriptures i suposa que all\u00f2 coincideix amb la realitat, que all\u00f2 como &hellip; <\/p>\n<p class=\"link-more\"><a href=\"https:\/\/notariamartinges.com\/?page_id=74\" class=\"more-link\">Continuar leyendo<span class=\"screen-reader-text\"> \u00abNIHIL PRIUS FIDE\u00bb<\/span><\/a><\/p>\n","protected":false},"author":1,"featured_media":0,"parent":0,"menu_order":0,"comment_status":"closed","ping_status":"closed","template":"","meta":[],"_links":{"self":[{"href":"https:\/\/notariamartinges.com\/index.php?rest_route=\/wp\/v2\/pages\/74"}],"collection":[{"href":"https:\/\/notariamartinges.com\/index.php?rest_route=\/wp\/v2\/pages"}],"about":[{"href":"https:\/\/notariamartinges.com\/index.php?rest_route=\/wp\/v2\/types\/page"}],"author":[{"embeddable":true,"href":"https:\/\/notariamartinges.com\/index.php?rest_route=\/wp\/v2\/users\/1"}],"replies":[{"embeddable":true,"href":"https:\/\/notariamartinges.com\/index.php?rest_route=%2Fwp%2Fv2%2Fcomments&post=74"}],"version-history":[{"count":2,"href":"https:\/\/notariamartinges.com\/index.php?rest_route=\/wp\/v2\/pages\/74\/revisions"}],"predecessor-version":[{"id":95,"href":"https:\/\/notariamartinges.com\/index.php?rest_route=\/wp\/v2\/pages\/74\/revisions\/95"}],"wp:attachment":[{"href":"https:\/\/notariamartinges.com\/index.php?rest_route=%2Fwp%2Fv2%2Fmedia&parent=74"}],"curies":[{"name":"wp","href":"https:\/\/api.w.org\/{rel}","templated":true}]}}