{"id":71,"date":"2020-10-17T19:28:33","date_gmt":"2020-10-17T19:28:33","guid":{"rendered":"https:\/\/notariamartinges.com\/?page_id=71"},"modified":"2020-10-20T17:36:35","modified_gmt":"2020-10-20T17:36:35","slug":"principis-de-la-funcio-notarial","status":"publish","type":"page","link":"https:\/\/notariamartinges.com\/?page_id=71","title":{"rendered":"PRINCIPIS DE LA FUNCI\u00d3 NOTARIAL"},"content":{"rendered":"\n<figure class=\"wp-block-image size-large\"><img loading=\"lazy\" width=\"400\" height=\"241\" src=\"https:\/\/notariamartinges.com\/wp-content\/uploads\/2020\/10\/DEFINITIU-3.jpg\" alt=\"\" class=\"wp-image-25\" srcset=\"https:\/\/notariamartinges.com\/wp-content\/uploads\/2020\/10\/DEFINITIU-3.jpg 400w, https:\/\/notariamartinges.com\/wp-content\/uploads\/2020\/10\/DEFINITIU-3-300x181.jpg 300w\" sizes=\"(max-width: 400px) 100vw, 400px\" \/><\/figure>\n\n\n\n<p><strong>&#8211; Seguretat i legalitat<\/strong>. L\u2019objectiu \u00e9s que el contracte, negoci o declaraci\u00f3 sigui legal i indubtable. L\u2019escriptura p\u00fablica \u00e9s fefaent davant dels tribunals. Ning\u00fa posa en dubte la seva veracitat<\/p>\n\n\n\n<p><strong>&#8211; Tranquil\u00b7litat<\/strong>. Firmar qualsevol tipus de document davant de Notari aporta la tranquil\u00b7litat de que el negoci \u00e9s efica\u00e7 i definitiu.<\/p>\n\n\n\n<p><strong>&#8211; Independ\u00e8ncia.&nbsp;<\/strong>Els Notaris nom\u00e9s estan condicionats per l\u2019ordenament jur\u00eddic<strong>.<\/strong><\/p>\n\n\n\n<p><strong>&#8211; Modernitat. <\/strong>Els Notaris adapten les seves funcions a qualsevol innovaci\u00f3 i s\u2019avancen als nous requeriments socials i tecnol\u00f2gics.<\/p>\n\n\n\n<p><strong>&#8211; Efici\u00e8ncia.&nbsp;<\/strong>El cost de la intervenci\u00f3 notarial \u00e9s molt inferior a les despeses socials i econ\u00f2miques que evita.<\/p>\n","protected":false},"excerpt":{"rendered":"<p>&#8211; Seguretat i legalitat. L\u2019objectiu \u00e9s que el contracte, negoci o declaraci\u00f3 sigui legal i indubtable. L\u2019escriptura p\u00fablica \u00e9s fefaent davant dels tribunals. Ning\u00fa posa en dubte la seva veracitat &#8211; Tranquil\u00b7litat. Firmar qualsevol tipus de document davant de Notari aporta la tranquil\u00b7litat de que el negoci \u00e9s efica\u00e7 i definitiu. &#8211; Independ\u00e8ncia.&nbsp;Els Notaris nom\u00e9s &hellip; <\/p>\n<p class=\"link-more\"><a href=\"https:\/\/notariamartinges.com\/?page_id=71\" class=\"more-link\">Continuar leyendo<span class=\"screen-reader-text\"> \u00abPRINCIPIS DE LA FUNCI\u00d3 NOTARIAL\u00bb<\/span><\/a><\/p>\n","protected":false},"author":1,"featured_media":0,"parent":0,"menu_order":0,"comment_status":"closed","ping_status":"closed","template":"","meta":[],"_links":{"self":[{"href":"https:\/\/notariamartinges.com\/index.php?rest_route=\/wp\/v2\/pages\/71"}],"collection":[{"href":"https:\/\/notariamartinges.com\/index.php?rest_route=\/wp\/v2\/pages"}],"about":[{"href":"https:\/\/notariamartinges.com\/index.php?rest_route=\/wp\/v2\/types\/page"}],"author":[{"embeddable":true,"href":"https:\/\/notariamartinges.com\/index.php?rest_route=\/wp\/v2\/users\/1"}],"replies":[{"embeddable":true,"href":"https:\/\/notariamartinges.com\/index.php?rest_route=%2Fwp%2Fv2%2Fcomments&post=71"}],"version-history":[{"count":7,"href":"https:\/\/notariamartinges.com\/index.php?rest_route=\/wp\/v2\/pages\/71\/revisions"}],"predecessor-version":[{"id":94,"href":"https:\/\/notariamartinges.com\/index.php?rest_route=\/wp\/v2\/pages\/71\/revisions\/94"}],"wp:attachment":[{"href":"https:\/\/notariamartinges.com\/index.php?rest_route=%2Fwp%2Fv2%2Fmedia&parent=71"}],"curies":[{"name":"wp","href":"https:\/\/api.w.org\/{rel}","templated":true}]}}