{"id":36,"date":"2020-10-12T15:25:51","date_gmt":"2020-10-12T15:25:51","guid":{"rendered":"https:\/\/notariamartinges.com\/?page_id=36"},"modified":"2020-10-20T17:35:58","modified_gmt":"2020-10-20T17:35:58","slug":"historia","status":"publish","type":"page","link":"https:\/\/notariamartinges.com\/?page_id=36","title":{"rendered":"HIST\u00d2RIA"},"content":{"rendered":"\n<figure class=\"wp-block-image size-large\"><img loading=\"lazy\" width=\"400\" height=\"241\" src=\"https:\/\/notariamartinges.com\/wp-content\/uploads\/2020\/10\/DEFINITIU-3.jpg\" alt=\"\" class=\"wp-image-25\" srcset=\"https:\/\/notariamartinges.com\/wp-content\/uploads\/2020\/10\/DEFINITIU-3.jpg 400w, https:\/\/notariamartinges.com\/wp-content\/uploads\/2020\/10\/DEFINITIU-3-300x181.jpg 300w\" sizes=\"(max-width: 400px) 100vw, 400px\" \/><\/figure>\n\n\n\n<p>El notari \u00e9s, als pa\u00efsos de tradici\u00f3 jur\u00eddica continental, un professional del Dret que t\u00e9 a c\u00e0rrec seu la redacci\u00f3 i l&#8217;autoritzaci\u00f3 en forma p\u00fablica dels actes, els contractes i tota mena d&#8217;instruments, aix\u00ed com donar fe de llur contingut.<\/p>\n\n\n\n<p>Els seus or\u00edgens radiquen en l\u2019escriv\u00e0 egipci, encarregat de redactar els documents de l\u2019Estat i, en alguns casos, tamb\u00e9 dels particulars. Aquests documents nom\u00e9s eren v\u00e0lids si portaven el segell d\u2019un sacerdot o magistrat de rang jer\u00e0rquic similar.<\/p>\n\n\n\n<p>Tanmateix, els antecedents m\u00e9s directes del Notari els trobem en el <em>singrappho <\/em>grec i el <em>tabulario<\/em> rom\u00e0. A partir d\u2019aqu\u00ed es va comen\u00e7ar a dibuixar una professi\u00f3 que neix com a tal al segle XII a la Universitat de Bolonya. Les bases del Notariat cient\u00edfic es van sintetitzar i difondre per tota Europa a trav\u00e9s de la <em>Summa artis notariae<\/em> de Rolandino, fam\u00f3s professor i Notari d\u2019aquesta ciutat italiana.<\/p>\n","protected":false},"excerpt":{"rendered":"<p>El notari \u00e9s, als pa\u00efsos de tradici\u00f3 jur\u00eddica continental, un professional del Dret que t\u00e9 a c\u00e0rrec seu la redacci\u00f3 i l&#8217;autoritzaci\u00f3 en forma p\u00fablica dels actes, els contractes i tota mena d&#8217;instruments, aix\u00ed com donar fe de llur contingut. Els seus or\u00edgens radiquen en l\u2019escriv\u00e0 egipci, encarregat de redactar els documents de l\u2019Estat i, &hellip; <\/p>\n<p class=\"link-more\"><a href=\"https:\/\/notariamartinges.com\/?page_id=36\" class=\"more-link\">Continuar leyendo<span class=\"screen-reader-text\"> \u00abHIST\u00d2RIA\u00bb<\/span><\/a><\/p>\n","protected":false},"author":1,"featured_media":0,"parent":0,"menu_order":0,"comment_status":"closed","ping_status":"closed","template":"","meta":[],"_links":{"self":[{"href":"https:\/\/notariamartinges.com\/index.php?rest_route=\/wp\/v2\/pages\/36"}],"collection":[{"href":"https:\/\/notariamartinges.com\/index.php?rest_route=\/wp\/v2\/pages"}],"about":[{"href":"https:\/\/notariamartinges.com\/index.php?rest_route=\/wp\/v2\/types\/page"}],"author":[{"embeddable":true,"href":"https:\/\/notariamartinges.com\/index.php?rest_route=\/wp\/v2\/users\/1"}],"replies":[{"embeddable":true,"href":"https:\/\/notariamartinges.com\/index.php?rest_route=%2Fwp%2Fv2%2Fcomments&post=36"}],"version-history":[{"count":4,"href":"https:\/\/notariamartinges.com\/index.php?rest_route=\/wp\/v2\/pages\/36\/revisions"}],"predecessor-version":[{"id":93,"href":"https:\/\/notariamartinges.com\/index.php?rest_route=\/wp\/v2\/pages\/36\/revisions\/93"}],"wp:attachment":[{"href":"https:\/\/notariamartinges.com\/index.php?rest_route=%2Fwp%2Fv2%2Fmedia&parent=36"}],"curies":[{"name":"wp","href":"https:\/\/api.w.org\/{rel}","templated":true}]}}