{"id":18,"date":"2020-10-04T17:22:31","date_gmt":"2020-10-04T17:22:31","guid":{"rendered":"https:\/\/notariamartinges.com\/?page_id=18"},"modified":"2020-10-20T17:35:15","modified_gmt":"2020-10-20T17:35:15","slug":"inici","status":"publish","type":"page","link":"https:\/\/notariamartinges.com\/","title":{"rendered":"INICI"},"content":{"rendered":"\n<figure class=\"wp-block-image size-large\"><img loading=\"lazy\" width=\"400\" height=\"241\" src=\"https:\/\/notariamartinges.com\/wp-content\/uploads\/2020\/10\/DEFINITIU-3.jpg\" alt=\"\" class=\"wp-image-25\" srcset=\"https:\/\/notariamartinges.com\/wp-content\/uploads\/2020\/10\/DEFINITIU-3.jpg 400w, https:\/\/notariamartinges.com\/wp-content\/uploads\/2020\/10\/DEFINITIU-3-300x181.jpg 300w\" sizes=\"(max-width: 400px) 100vw, 400px\" \/><\/figure>\n\n\n\n<p><strong>El&nbsp;Notari \u00e9s un funcionari p\u00fablic que proporciona als ciutadans la seguretat jur\u00eddica en l\u2019\u00e0mbit del tr\u00e0fic jur\u00eddic extrajudicial.. al mateix temps \u00e9s un professional del Dret que exerceix en r\u00e8gim de compet\u00e8ncia.&nbsp; Aquesta doble qualitat garanteix la seva independ\u00e8ncia.<\/strong><\/p>\n\n\n\n<p>Amb una alta preparaci\u00f3, \u00e9s un professional proper i imparcial que ajuda, assessora gratu\u00eftament i garanteix que qualsevol negoci jur\u00eddic o altra operaci\u00f3 celebrada davant d\u2019ell estigui ajustada a la legalitat. Per tant, el Notari \u00e9s garant\u00eda de legalitat i seguretat<\/p>\n\n\n\n<p><strong>Qualsevol persona t\u00e9 dret a escollir lliurement el Notari que vulgui<\/strong><\/p>\n","protected":false},"excerpt":{"rendered":"<p>El&nbsp;Notari \u00e9s un funcionari p\u00fablic que proporciona als ciutadans la seguretat jur\u00eddica en l\u2019\u00e0mbit del tr\u00e0fic jur\u00eddic extrajudicial.. al mateix temps \u00e9s un professional del Dret que exerceix en r\u00e8gim de compet\u00e8ncia.&nbsp; Aquesta doble qualitat garanteix la seva independ\u00e8ncia. Amb una alta preparaci\u00f3, \u00e9s un professional proper i imparcial que ajuda, assessora gratu\u00eftament i garanteix &hellip; <\/p>\n<p class=\"link-more\"><a href=\"https:\/\/notariamartinges.com\/\" class=\"more-link\">Continuar leyendo<span class=\"screen-reader-text\"> \u00abINICI\u00bb<\/span><\/a><\/p>\n","protected":false},"author":1,"featured_media":0,"parent":0,"menu_order":0,"comment_status":"closed","ping_status":"closed","template":"","meta":[],"_links":{"self":[{"href":"https:\/\/notariamartinges.com\/index.php?rest_route=\/wp\/v2\/pages\/18"}],"collection":[{"href":"https:\/\/notariamartinges.com\/index.php?rest_route=\/wp\/v2\/pages"}],"about":[{"href":"https:\/\/notariamartinges.com\/index.php?rest_route=\/wp\/v2\/types\/page"}],"author":[{"embeddable":true,"href":"https:\/\/notariamartinges.com\/index.php?rest_route=\/wp\/v2\/users\/1"}],"replies":[{"embeddable":true,"href":"https:\/\/notariamartinges.com\/index.php?rest_route=%2Fwp%2Fv2%2Fcomments&post=18"}],"version-history":[{"count":5,"href":"https:\/\/notariamartinges.com\/index.php?rest_route=\/wp\/v2\/pages\/18\/revisions"}],"predecessor-version":[{"id":92,"href":"https:\/\/notariamartinges.com\/index.php?rest_route=\/wp\/v2\/pages\/18\/revisions\/92"}],"wp:attachment":[{"href":"https:\/\/notariamartinges.com\/index.php?rest_route=%2Fwp%2Fv2%2Fmedia&parent=18"}],"curies":[{"name":"wp","href":"https:\/\/api.w.org\/{rel}","templated":true}]}}