{"id":101,"date":"2020-10-25T09:35:32","date_gmt":"2020-10-25T09:35:32","guid":{"rendered":"https:\/\/notariamartinges.com\/?page_id=101"},"modified":"2020-10-25T09:57:40","modified_gmt":"2020-10-25T09:57:40","slug":"politica-de-privacitat","status":"publish","type":"page","link":"https:\/\/notariamartinges.com\/?page_id=101","title":{"rendered":"Pol\u00edtica de privacitat"},"content":{"rendered":"\n<p>Aquesta p\u00e0gina \u00e9s purament informativa i no recull cap dada personal.<\/p>\n\n\n\n<p><strong>AV\u00cdS LEGAL <\/strong><\/p>\n\n\n\n<p>Claudi Mart\u00edn i Ges, titular de la present p\u00e0gina web  compleix amb els requisits establerts a la\u00a0<a rel=\"noreferrer noopener\" href=\"https:\/\/go.vlex.com\/vid\/172670?fbt=webapp_preview\" target=\"_blank\">Llei 34\/2002<\/a>, d\u201911 de juliol, de Serveis de la Societat de la Informaci\u00f3 i Comer\u00e7 Electr\u00f2nic, aix\u00ed com el Reglament General de Protecci\u00f3 de Dades 2016\/679\/EU i amb aquest fi ha creat l\u2019av\u00eds legal seg\u00fcent.<\/p>\n\n\n\n<p class=\"has-text-align-left\"><strong>CLAUDI MART\u00cdN i GES<\/strong><br>\u2022\u00a0\u00a0 \u00a0<strong>Adre\u00e7a<\/strong>: Passeig Pere III 48- 6\u00e8 MANRESA<br>\u2022\u00a0\u00a0 \u00a0<strong>CIF<\/strong>: 39382765A<br>\u2022\u00a0\u00a0 \u00a0<strong>Tel\u00e8fon<\/strong>: 93 <br>\u2022\u00a0\u00a0 \u00a0<strong>Adre\u00e7a electr\u00f2nica<\/strong>:  info@notariamartinges.com<br><\/p>\n\n\n\n<p>L\u2019acc\u00e9s i navegaci\u00f3 per la p\u00e0gina www.notariamartinges.com quedar\u00e0 subjecta a les condicions recollides en aquest \u201cav\u00eds legal\u201d, les quals podran ser actualitzades peri\u00f2dicament i sense av\u00eds previ. La navegaci\u00f3 per la p\u00e0gina web<a href=\"http:\/\/www.santandreusalut.cat\/\"> <\/a>implica la perfecta comprensi\u00f3 i acceptaci\u00f3 expressa de les esmentades condicions per part de l\u2019usuari.<\/p>\n\n\n\n<p>Claudi Mart\u00edn  i Ges es reserva el dret d\u2019efectuar sense av\u00eds previ les modificacions que consideri oportunes a www.claudimartinges.com podent canviar, suprimir o afegir els continguts i serveis que s\u2019ofereixen, aix\u00ed com la forma amb qu\u00e8 aquests apareixen presentats o localitzats.<\/p>\n\n\n\n<p>La informaci\u00f3 que contenen aquestes p\u00e0gines \u00e9s vigent a la data de la darrera actualitzaci\u00f3.<\/p>\n\n\n\n<p>Els continguts de la p\u00e0gina, en especial a les refer\u00e8ncies informatives, excepte expressament que indiquin el contrari, no constitueixen cap tipus d\u2019oferta vinculant. Claudi Mart\u00edn i Ges  es reserva el dret a introduir modificacions o ometre parcialment o totalment els actuals continguts del portal quan ho consideri oport\u00fa, aix\u00ed com impedir o restringir l\u2019acc\u00e9s de forma temporal o permanent.<\/p>\n","protected":false},"excerpt":{"rendered":"<p>Aquesta p\u00e0gina \u00e9s purament informativa i no recull cap dada personal. AV\u00cdS LEGAL Claudi Mart\u00edn i Ges, titular de la present p\u00e0gina web compleix amb els requisits establerts a la\u00a0Llei 34\/2002, d\u201911 de juliol, de Serveis de la Societat de la Informaci\u00f3 i Comer\u00e7 Electr\u00f2nic, aix\u00ed com el Reglament General de Protecci\u00f3 de Dades 2016\/679\/EU &hellip; <\/p>\n<p class=\"link-more\"><a href=\"https:\/\/notariamartinges.com\/?page_id=101\" class=\"more-link\">Continuar leyendo<span class=\"screen-reader-text\"> \u00abPol\u00edtica de privacitat\u00bb<\/span><\/a><\/p>\n","protected":false},"author":1,"featured_media":0,"parent":0,"menu_order":0,"comment_status":"closed","ping_status":"closed","template":"","meta":[],"_links":{"self":[{"href":"https:\/\/notariamartinges.com\/index.php?rest_route=\/wp\/v2\/pages\/101"}],"collection":[{"href":"https:\/\/notariamartinges.com\/index.php?rest_route=\/wp\/v2\/pages"}],"about":[{"href":"https:\/\/notariamartinges.com\/index.php?rest_route=\/wp\/v2\/types\/page"}],"author":[{"embeddable":true,"href":"https:\/\/notariamartinges.com\/index.php?rest_route=\/wp\/v2\/users\/1"}],"replies":[{"embeddable":true,"href":"https:\/\/notariamartinges.com\/index.php?rest_route=%2Fwp%2Fv2%2Fcomments&post=101"}],"version-history":[{"count":4,"href":"https:\/\/notariamartinges.com\/index.php?rest_route=\/wp\/v2\/pages\/101\/revisions"}],"predecessor-version":[{"id":106,"href":"https:\/\/notariamartinges.com\/index.php?rest_route=\/wp\/v2\/pages\/101\/revisions\/106"}],"wp:attachment":[{"href":"https:\/\/notariamartinges.com\/index.php?rest_route=%2Fwp%2Fv2%2Fmedia&parent=101"}],"curies":[{"name":"wp","href":"https:\/\/api.w.org\/{rel}","templated":true}]}}